{"id":4412,"date":"2017-10-25T09:49:47","date_gmt":"2017-10-25T09:49:47","guid":{"rendered":"https:\/\/www.vlvsa.be\/societe\/"},"modified":"2025-09-23T09:50:32","modified_gmt":"2025-09-23T09:50:32","slug":"bedrijf","status":"publish","type":"page","link":"https:\/\/www.vlvsa.be\/nl\/bedrijf\/","title":{"rendered":"BEDRJIF"},"content":{"rendered":"<p>VLV<\/p>\n","protected":false},"excerpt":{"rendered":"<p>VLV<\/p>\n","protected":false},"author":1,"featured_media":4414,"parent":0,"menu_order":0,"comment_status":"closed","ping_status":"closed","template":"page-company.php","meta":{"footnotes":""},"class_list":["post-4412","page","type-page","status-publish","has-post-thumbnail","hentry"],"yoast_head":"<!-- This site is optimized with the Yoast SEO plugin v25.4 - https:\/\/yoast.com\/wordpress\/plugins\/seo\/ -->\n<title>VLV - Soci\u00e9t\u00e9<\/title>\n<meta name=\"description\" content=\"D\u00e9couvrez toute l&#039;histoire de la soci\u00e9t\u00e9 VLV depuis sa cr\u00e9ation. VLV \u2019est sp\u00e9cialis\u00e9e dans la vente de syst\u00e8mes de s\u00e9curit\u00e9\" \/>\n<meta name=\"robots\" content=\"index, follow, max-snippet:-1, max-image-preview:large, max-video-preview:-1\" \/>\n<link rel=\"canonical\" href=\"https:\/\/www.vlvsa.be\/nl\/bedrijf\/\" \/>\n<meta property=\"og:locale\" content=\"nl_NL\" \/>\n<meta property=\"og:type\" content=\"article\" \/>\n<meta property=\"og:title\" content=\"VLV - Soci\u00e9t\u00e9\" \/>\n<meta property=\"og:description\" content=\"D\u00e9couvrez toute l&#039;histoire de la soci\u00e9t\u00e9 VLV depuis sa cr\u00e9ation. VLV \u2019est sp\u00e9cialis\u00e9e dans la vente de syst\u00e8mes de s\u00e9curit\u00e9\" \/>\n<meta property=\"og:url\" content=\"https:\/\/www.vlvsa.be\/nl\/bedrijf\/\" \/>\n<meta property=\"og:site_name\" content=\"VLV\" \/>\n<meta property=\"article:modified_time\" content=\"2025-09-23T09:50:32+00:00\" \/>\n<meta property=\"og:image\" content=\"https:\/\/www.vlvsa.be\/wp-content\/uploads\/2023\/11\/locaux-vlv.jpg\" \/>\n\t<meta property=\"og:image:width\" content=\"1200\" \/>\n\t<meta property=\"og:image:height\" content=\"800\" \/>\n\t<meta property=\"og:image:type\" content=\"image\/jpeg\" \/>\n<meta name=\"twitter:card\" content=\"summary_large_image\" \/>\n<meta name=\"twitter:label1\" content=\"Geschatte leestijd\" \/>\n\t<meta name=\"twitter:data1\" content=\"1 minuut\" \/>\n<script type=\"application\/ld+json\" class=\"yoast-schema-graph\">{\"@context\":\"https:\/\/schema.org\",\"@graph\":[{\"@type\":\"WebPage\",\"@id\":\"https:\/\/www.vlvsa.be\/nl\/bedrijf\/\",\"url\":\"https:\/\/www.vlvsa.be\/nl\/bedrijf\/\",\"name\":\"VLV - Soci\u00e9t\u00e9\",\"isPartOf\":{\"@id\":\"https:\/\/www.vlvsa.be\/fr\/#website\"},\"primaryImageOfPage\":{\"@id\":\"https:\/\/www.vlvsa.be\/nl\/bedrijf\/#primaryimage\"},\"image\":{\"@id\":\"https:\/\/www.vlvsa.be\/nl\/bedrijf\/#primaryimage\"},\"thumbnailUrl\":\"https:\/\/www.vlvsa.be\/wp-content\/uploads\/2023\/11\/locaux-vlv.jpg\",\"datePublished\":\"2017-10-25T09:49:47+00:00\",\"dateModified\":\"2025-09-23T09:50:32+00:00\",\"description\":\"D\u00e9couvrez toute l'histoire de la soci\u00e9t\u00e9 VLV depuis sa cr\u00e9ation. VLV \u2019est sp\u00e9cialis\u00e9e dans la vente de syst\u00e8mes de s\u00e9curit\u00e9\",\"breadcrumb\":{\"@id\":\"https:\/\/www.vlvsa.be\/nl\/bedrijf\/#breadcrumb\"},\"inLanguage\":\"nl-NL\",\"potentialAction\":[{\"@type\":\"ReadAction\",\"target\":[\"https:\/\/www.vlvsa.be\/nl\/bedrijf\/\"]}]},{\"@type\":\"ImageObject\",\"inLanguage\":\"nl-NL\",\"@id\":\"https:\/\/www.vlvsa.be\/nl\/bedrijf\/#primaryimage\",\"url\":\"https:\/\/www.vlvsa.be\/wp-content\/uploads\/2023\/11\/locaux-vlv.jpg\",\"contentUrl\":\"https:\/\/www.vlvsa.be\/wp-content\/uploads\/2023\/11\/locaux-vlv.jpg\",\"width\":1200,\"height\":800},{\"@type\":\"BreadcrumbList\",\"@id\":\"https:\/\/www.vlvsa.be\/nl\/bedrijf\/#breadcrumb\",\"itemListElement\":[{\"@type\":\"ListItem\",\"position\":1,\"name\":\"Home\",\"item\":\"https:\/\/www.vlvsa.be\/fr\/\"},{\"@type\":\"ListItem\",\"position\":2,\"name\":\"BEDRJIF\"}]},{\"@type\":\"WebSite\",\"@id\":\"https:\/\/www.vlvsa.be\/fr\/#website\",\"url\":\"https:\/\/www.vlvsa.be\/fr\/\",\"name\":\"VLV\",\"description\":\"Oplossingen en diensten voor beveiligingssystemen\",\"publisher\":{\"@id\":\"https:\/\/www.vlvsa.be\/fr\/#organization\"},\"potentialAction\":[{\"@type\":\"SearchAction\",\"target\":{\"@type\":\"EntryPoint\",\"urlTemplate\":\"https:\/\/www.vlvsa.be\/fr\/?s={search_term_string}\"},\"query-input\":{\"@type\":\"PropertyValueSpecification\",\"valueRequired\":true,\"valueName\":\"search_term_string\"}}],\"inLanguage\":\"nl-NL\"},{\"@type\":\"Organization\",\"@id\":\"https:\/\/www.vlvsa.be\/fr\/#organization\",\"name\":\"VLV SA\",\"url\":\"https:\/\/www.vlvsa.be\/fr\/\",\"logo\":{\"@type\":\"ImageObject\",\"inLanguage\":\"nl-NL\",\"@id\":\"https:\/\/www.vlvsa.be\/fr\/#\/schema\/logo\/image\/\",\"url\":\"https:\/\/www.vlvsa.be\/wp-content\/uploads\/2019\/11\/vlv-logo-mj3.png\",\"contentUrl\":\"https:\/\/www.vlvsa.be\/wp-content\/uploads\/2019\/11\/vlv-logo-mj3.png\",\"width\":228,\"height\":50,\"caption\":\"VLV SA\"},\"image\":{\"@id\":\"https:\/\/www.vlvsa.be\/fr\/#\/schema\/logo\/image\/\"}}]}<\/script>\n<!-- \/ Yoast SEO plugin. -->","yoast_head_json":{"title":"VLV - Soci\u00e9t\u00e9","description":"D\u00e9couvrez toute l'histoire de la soci\u00e9t\u00e9 VLV depuis sa cr\u00e9ation. VLV \u2019est sp\u00e9cialis\u00e9e dans la vente de syst\u00e8mes de s\u00e9curit\u00e9","robots":{"index":"index","follow":"follow","max-snippet":"max-snippet:-1","max-image-preview":"max-image-preview:large","max-video-preview":"max-video-preview:-1"},"canonical":"https:\/\/www.vlvsa.be\/nl\/bedrijf\/","og_locale":"nl_NL","og_type":"article","og_title":"VLV - Soci\u00e9t\u00e9","og_description":"D\u00e9couvrez toute l'histoire de la soci\u00e9t\u00e9 VLV depuis sa cr\u00e9ation. VLV \u2019est sp\u00e9cialis\u00e9e dans la vente de syst\u00e8mes de s\u00e9curit\u00e9","og_url":"https:\/\/www.vlvsa.be\/nl\/bedrijf\/","og_site_name":"VLV","article_modified_time":"2025-09-23T09:50:32+00:00","og_image":[{"width":1200,"height":800,"url":"https:\/\/www.vlvsa.be\/wp-content\/uploads\/2023\/11\/locaux-vlv.jpg","type":"image\/jpeg"}],"twitter_card":"summary_large_image","twitter_misc":{"Geschatte leestijd":"1 minuut"},"schema":{"@context":"https:\/\/schema.org","@graph":[{"@type":"WebPage","@id":"https:\/\/www.vlvsa.be\/nl\/bedrijf\/","url":"https:\/\/www.vlvsa.be\/nl\/bedrijf\/","name":"VLV - Soci\u00e9t\u00e9","isPartOf":{"@id":"https:\/\/www.vlvsa.be\/fr\/#website"},"primaryImageOfPage":{"@id":"https:\/\/www.vlvsa.be\/nl\/bedrijf\/#primaryimage"},"image":{"@id":"https:\/\/www.vlvsa.be\/nl\/bedrijf\/#primaryimage"},"thumbnailUrl":"https:\/\/www.vlvsa.be\/wp-content\/uploads\/2023\/11\/locaux-vlv.jpg","datePublished":"2017-10-25T09:49:47+00:00","dateModified":"2025-09-23T09:50:32+00:00","description":"D\u00e9couvrez toute l'histoire de la soci\u00e9t\u00e9 VLV depuis sa cr\u00e9ation. VLV \u2019est sp\u00e9cialis\u00e9e dans la vente de syst\u00e8mes de s\u00e9curit\u00e9","breadcrumb":{"@id":"https:\/\/www.vlvsa.be\/nl\/bedrijf\/#breadcrumb"},"inLanguage":"nl-NL","potentialAction":[{"@type":"ReadAction","target":["https:\/\/www.vlvsa.be\/nl\/bedrijf\/"]}]},{"@type":"ImageObject","inLanguage":"nl-NL","@id":"https:\/\/www.vlvsa.be\/nl\/bedrijf\/#primaryimage","url":"https:\/\/www.vlvsa.be\/wp-content\/uploads\/2023\/11\/locaux-vlv.jpg","contentUrl":"https:\/\/www.vlvsa.be\/wp-content\/uploads\/2023\/11\/locaux-vlv.jpg","width":1200,"height":800},{"@type":"BreadcrumbList","@id":"https:\/\/www.vlvsa.be\/nl\/bedrijf\/#breadcrumb","itemListElement":[{"@type":"ListItem","position":1,"name":"Home","item":"https:\/\/www.vlvsa.be\/fr\/"},{"@type":"ListItem","position":2,"name":"BEDRJIF"}]},{"@type":"WebSite","@id":"https:\/\/www.vlvsa.be\/fr\/#website","url":"https:\/\/www.vlvsa.be\/fr\/","name":"VLV","description":"Oplossingen en diensten voor beveiligingssystemen","publisher":{"@id":"https:\/\/www.vlvsa.be\/fr\/#organization"},"potentialAction":[{"@type":"SearchAction","target":{"@type":"EntryPoint","urlTemplate":"https:\/\/www.vlvsa.be\/fr\/?s={search_term_string}"},"query-input":{"@type":"PropertyValueSpecification","valueRequired":true,"valueName":"search_term_string"}}],"inLanguage":"nl-NL"},{"@type":"Organization","@id":"https:\/\/www.vlvsa.be\/fr\/#organization","name":"VLV SA","url":"https:\/\/www.vlvsa.be\/fr\/","logo":{"@type":"ImageObject","inLanguage":"nl-NL","@id":"https:\/\/www.vlvsa.be\/fr\/#\/schema\/logo\/image\/","url":"https:\/\/www.vlvsa.be\/wp-content\/uploads\/2019\/11\/vlv-logo-mj3.png","contentUrl":"https:\/\/www.vlvsa.be\/wp-content\/uploads\/2019\/11\/vlv-logo-mj3.png","width":228,"height":50,"caption":"VLV SA"},"image":{"@id":"https:\/\/www.vlvsa.be\/fr\/#\/schema\/logo\/image\/"}}]}},"_links":{"self":[{"href":"https:\/\/www.vlvsa.be\/nl\/wp-json\/wp\/v2\/pages\/4412","targetHints":{"allow":["GET"]}}],"collection":[{"href":"https:\/\/www.vlvsa.be\/nl\/wp-json\/wp\/v2\/pages"}],"about":[{"href":"https:\/\/www.vlvsa.be\/nl\/wp-json\/wp\/v2\/types\/page"}],"author":[{"embeddable":true,"href":"https:\/\/www.vlvsa.be\/nl\/wp-json\/wp\/v2\/users\/1"}],"replies":[{"embeddable":true,"href":"https:\/\/www.vlvsa.be\/nl\/wp-json\/wp\/v2\/comments?post=4412"}],"version-history":[{"count":2,"href":"https:\/\/www.vlvsa.be\/nl\/wp-json\/wp\/v2\/pages\/4412\/revisions"}],"predecessor-version":[{"id":4429,"href":"https:\/\/www.vlvsa.be\/nl\/wp-json\/wp\/v2\/pages\/4412\/revisions\/4429"}],"wp:featuredmedia":[{"embeddable":true,"href":"https:\/\/www.vlvsa.be\/nl\/wp-json\/wp\/v2\/media\/4414"}],"wp:attachment":[{"href":"https:\/\/www.vlvsa.be\/nl\/wp-json\/wp\/v2\/media?parent=4412"}],"curies":[{"name":"wp","href":"https:\/\/api.w.org\/{rel}","templated":true}]}}