{"id":4430,"date":"2017-10-25T09:50:28","date_gmt":"2017-10-25T09:50:28","guid":{"rendered":"https:\/\/www.vlvsa.be\/documentation\/"},"modified":"2025-09-29T15:20:56","modified_gmt":"2025-09-29T15:20:56","slug":"documentatie","status":"publish","type":"page","link":"https:\/\/www.vlvsa.be\/nl\/documentatie\/","title":{"rendered":"CERTIFICERING"},"content":{"rendered":"<p>Voor alle andere documentatie kunt u gerust contact met ons opnemen via het contactformulier.<\/p>\n","protected":false},"excerpt":{"rendered":"<p>Voor alle andere documentatie kunt u gerust contact met ons opnemen via het contactformulier.<\/p>\n","protected":false},"author":1,"featured_media":0,"parent":0,"menu_order":0,"comment_status":"closed","ping_status":"closed","template":"page-documents.php","meta":{"footnotes":""},"class_list":["post-4430","page","type-page","status-publish","hentry"],"yoast_head":"<!-- This site is optimized with the Yoast SEO plugin v25.4 - https:\/\/yoast.com\/wordpress\/plugins\/seo\/ -->\n<title>VLV - Documentations<\/title>\n<meta name=\"description\" content=\"VLV : documentations \u00e0 t\u00e9l\u00e9charger et consulter en ligne sur la s\u00e9curit\u00e9 incendie\" \/>\n<meta name=\"robots\" content=\"index, follow, max-snippet:-1, max-image-preview:large, max-video-preview:-1\" \/>\n<link rel=\"canonical\" href=\"https:\/\/www.vlvsa.be\/nl\/documentatie\/\" \/>\n<meta property=\"og:locale\" content=\"nl_NL\" \/>\n<meta property=\"og:type\" content=\"article\" \/>\n<meta property=\"og:title\" content=\"VLV - Documentations\" \/>\n<meta property=\"og:description\" content=\"VLV : documentations \u00e0 t\u00e9l\u00e9charger et consulter en ligne sur la s\u00e9curit\u00e9 incendie\" \/>\n<meta property=\"og:url\" content=\"https:\/\/www.vlvsa.be\/nl\/documentatie\/\" \/>\n<meta property=\"og:site_name\" content=\"VLV\" \/>\n<meta property=\"article:modified_time\" content=\"2025-09-29T15:20:56+00:00\" \/>\n<meta name=\"twitter:card\" content=\"summary_large_image\" \/>\n<meta name=\"twitter:label1\" content=\"Geschatte leestijd\" \/>\n\t<meta name=\"twitter:data1\" content=\"1 minuut\" \/>\n<script type=\"application\/ld+json\" class=\"yoast-schema-graph\">{\"@context\":\"https:\/\/schema.org\",\"@graph\":[{\"@type\":\"WebPage\",\"@id\":\"https:\/\/www.vlvsa.be\/nl\/documentatie\/\",\"url\":\"https:\/\/www.vlvsa.be\/nl\/documentatie\/\",\"name\":\"VLV - Documentations\",\"isPartOf\":{\"@id\":\"https:\/\/www.vlvsa.be\/fr\/#website\"},\"datePublished\":\"2017-10-25T09:50:28+00:00\",\"dateModified\":\"2025-09-29T15:20:56+00:00\",\"description\":\"VLV : documentations \u00e0 t\u00e9l\u00e9charger et consulter en ligne sur la s\u00e9curit\u00e9 incendie\",\"breadcrumb\":{\"@id\":\"https:\/\/www.vlvsa.be\/nl\/documentatie\/#breadcrumb\"},\"inLanguage\":\"nl-NL\",\"potentialAction\":[{\"@type\":\"ReadAction\",\"target\":[\"https:\/\/www.vlvsa.be\/nl\/documentatie\/\"]}]},{\"@type\":\"BreadcrumbList\",\"@id\":\"https:\/\/www.vlvsa.be\/nl\/documentatie\/#breadcrumb\",\"itemListElement\":[{\"@type\":\"ListItem\",\"position\":1,\"name\":\"Home\",\"item\":\"https:\/\/www.vlvsa.be\/fr\/\"},{\"@type\":\"ListItem\",\"position\":2,\"name\":\"CERTIFICERING\"}]},{\"@type\":\"WebSite\",\"@id\":\"https:\/\/www.vlvsa.be\/fr\/#website\",\"url\":\"https:\/\/www.vlvsa.be\/fr\/\",\"name\":\"VLV\",\"description\":\"Oplossingen en diensten voor beveiligingssystemen\",\"publisher\":{\"@id\":\"https:\/\/www.vlvsa.be\/fr\/#organization\"},\"potentialAction\":[{\"@type\":\"SearchAction\",\"target\":{\"@type\":\"EntryPoint\",\"urlTemplate\":\"https:\/\/www.vlvsa.be\/fr\/?s={search_term_string}\"},\"query-input\":{\"@type\":\"PropertyValueSpecification\",\"valueRequired\":true,\"valueName\":\"search_term_string\"}}],\"inLanguage\":\"nl-NL\"},{\"@type\":\"Organization\",\"@id\":\"https:\/\/www.vlvsa.be\/fr\/#organization\",\"name\":\"VLV SA\",\"url\":\"https:\/\/www.vlvsa.be\/fr\/\",\"logo\":{\"@type\":\"ImageObject\",\"inLanguage\":\"nl-NL\",\"@id\":\"https:\/\/www.vlvsa.be\/fr\/#\/schema\/logo\/image\/\",\"url\":\"https:\/\/www.vlvsa.be\/wp-content\/uploads\/2019\/11\/vlv-logo-mj3.png\",\"contentUrl\":\"https:\/\/www.vlvsa.be\/wp-content\/uploads\/2019\/11\/vlv-logo-mj3.png\",\"width\":228,\"height\":50,\"caption\":\"VLV SA\"},\"image\":{\"@id\":\"https:\/\/www.vlvsa.be\/fr\/#\/schema\/logo\/image\/\"}}]}<\/script>\n<!-- \/ Yoast SEO plugin. -->","yoast_head_json":{"title":"VLV - Documentations","description":"VLV : documentations \u00e0 t\u00e9l\u00e9charger et consulter en ligne sur la s\u00e9curit\u00e9 incendie","robots":{"index":"index","follow":"follow","max-snippet":"max-snippet:-1","max-image-preview":"max-image-preview:large","max-video-preview":"max-video-preview:-1"},"canonical":"https:\/\/www.vlvsa.be\/nl\/documentatie\/","og_locale":"nl_NL","og_type":"article","og_title":"VLV - Documentations","og_description":"VLV : documentations \u00e0 t\u00e9l\u00e9charger et consulter en ligne sur la s\u00e9curit\u00e9 incendie","og_url":"https:\/\/www.vlvsa.be\/nl\/documentatie\/","og_site_name":"VLV","article_modified_time":"2025-09-29T15:20:56+00:00","twitter_card":"summary_large_image","twitter_misc":{"Geschatte leestijd":"1 minuut"},"schema":{"@context":"https:\/\/schema.org","@graph":[{"@type":"WebPage","@id":"https:\/\/www.vlvsa.be\/nl\/documentatie\/","url":"https:\/\/www.vlvsa.be\/nl\/documentatie\/","name":"VLV - Documentations","isPartOf":{"@id":"https:\/\/www.vlvsa.be\/fr\/#website"},"datePublished":"2017-10-25T09:50:28+00:00","dateModified":"2025-09-29T15:20:56+00:00","description":"VLV : documentations \u00e0 t\u00e9l\u00e9charger et consulter en ligne sur la s\u00e9curit\u00e9 incendie","breadcrumb":{"@id":"https:\/\/www.vlvsa.be\/nl\/documentatie\/#breadcrumb"},"inLanguage":"nl-NL","potentialAction":[{"@type":"ReadAction","target":["https:\/\/www.vlvsa.be\/nl\/documentatie\/"]}]},{"@type":"BreadcrumbList","@id":"https:\/\/www.vlvsa.be\/nl\/documentatie\/#breadcrumb","itemListElement":[{"@type":"ListItem","position":1,"name":"Home","item":"https:\/\/www.vlvsa.be\/fr\/"},{"@type":"ListItem","position":2,"name":"CERTIFICERING"}]},{"@type":"WebSite","@id":"https:\/\/www.vlvsa.be\/fr\/#website","url":"https:\/\/www.vlvsa.be\/fr\/","name":"VLV","description":"Oplossingen en diensten voor beveiligingssystemen","publisher":{"@id":"https:\/\/www.vlvsa.be\/fr\/#organization"},"potentialAction":[{"@type":"SearchAction","target":{"@type":"EntryPoint","urlTemplate":"https:\/\/www.vlvsa.be\/fr\/?s={search_term_string}"},"query-input":{"@type":"PropertyValueSpecification","valueRequired":true,"valueName":"search_term_string"}}],"inLanguage":"nl-NL"},{"@type":"Organization","@id":"https:\/\/www.vlvsa.be\/fr\/#organization","name":"VLV SA","url":"https:\/\/www.vlvsa.be\/fr\/","logo":{"@type":"ImageObject","inLanguage":"nl-NL","@id":"https:\/\/www.vlvsa.be\/fr\/#\/schema\/logo\/image\/","url":"https:\/\/www.vlvsa.be\/wp-content\/uploads\/2019\/11\/vlv-logo-mj3.png","contentUrl":"https:\/\/www.vlvsa.be\/wp-content\/uploads\/2019\/11\/vlv-logo-mj3.png","width":228,"height":50,"caption":"VLV SA"},"image":{"@id":"https:\/\/www.vlvsa.be\/fr\/#\/schema\/logo\/image\/"}}]}},"_links":{"self":[{"href":"https:\/\/www.vlvsa.be\/nl\/wp-json\/wp\/v2\/pages\/4430","targetHints":{"allow":["GET"]}}],"collection":[{"href":"https:\/\/www.vlvsa.be\/nl\/wp-json\/wp\/v2\/pages"}],"about":[{"href":"https:\/\/www.vlvsa.be\/nl\/wp-json\/wp\/v2\/types\/page"}],"author":[{"embeddable":true,"href":"https:\/\/www.vlvsa.be\/nl\/wp-json\/wp\/v2\/users\/1"}],"replies":[{"embeddable":true,"href":"https:\/\/www.vlvsa.be\/nl\/wp-json\/wp\/v2\/comments?post=4430"}],"version-history":[{"count":4,"href":"https:\/\/www.vlvsa.be\/nl\/wp-json\/wp\/v2\/pages\/4430\/revisions"}],"predecessor-version":[{"id":4539,"href":"https:\/\/www.vlvsa.be\/nl\/wp-json\/wp\/v2\/pages\/4430\/revisions\/4539"}],"wp:attachment":[{"href":"https:\/\/www.vlvsa.be\/nl\/wp-json\/wp\/v2\/media?parent=4430"}],"curies":[{"name":"wp","href":"https:\/\/api.w.org\/{rel}","templated":true}]}}